{"id":422,"date":"2024-07-22T21:03:34","date_gmt":"2024-07-22T21:03:34","guid":{"rendered":"https:\/\/organicspamx.com\/?post_type=product&#038;p=422"},"modified":"2026-04-09T20:11:02","modified_gmt":"2026-04-09T20:11:02","slug":"regala-organic-scrub-massage-60-min","status":"publish","type":"product","link":"https:\/\/organicspamx.com\/en\/product\/regala-organic-scrub-massage-60-min\/","title":{"rendered":"Gift-Organic Scrub Massage \/ 60 MIN"},"content":{"rendered":"<p>Obsequie un ritual de suavidad absoluta. Profunda exfoliaci\u00f3n corporal Org\u00e1nica &amp; Vegana mediante diferentes sales (sal del Himalaya, sal del Mar Muerto) y aceites esenciales (lavanda, geranio, cipr\u00e9s, romero, manzanilla) que ayuda a la piel a deshacerse de todas las c\u00e9lulas muertas y recuperar toda la elasticidad e hidrataci\u00f3n de la piel.<\/p>","protected":false},"excerpt":{"rendered":"<p>Obsequie un ritual de suavidad absoluta. Profunda exfoliaci\u00f3n corporal Org\u00e1nica &amp; Vegana mediante diferentes sales (sal del Himalaya, sal del Mar Muerto) y aceites esenciales (lavanda, geranio, cipr\u00e9s, romero, manzanilla) que ayuda a la piel a deshacerse de todas las c\u00e9lulas muertas y recuperar toda la elasticidad e hidrataci\u00f3n de la piel.<\/p>","protected":false},"featured_media":4952,"comment_status":"open","ping_status":"closed","template":"","meta":{"_et_pb_use_builder":"","_et_pb_old_content":"","_et_gb_content_width":"","_coblocks_attr":"","_coblocks_dimensions":"","_coblocks_responsive_height":"","_coblocks_accordion_ie_support":""},"product_brand":[],"product_cat":[18,20],"product_tag":[21],"class_list":{"0":"post-422","1":"product","2":"type-product","3":"status-publish","4":"has-post-thumbnail","6":"product_cat-masajes","7":"product_cat-regala","8":"product_tag-regala","10":"first","11":"instock","12":"shipping-taxable","13":"purchasable","14":"product-type-simple"},"_links":{"self":[{"href":"https:\/\/organicspamx.com\/en\/wp-json\/wp\/v2\/product\/422","targetHints":{"allow":["GET"]}}],"collection":[{"href":"https:\/\/organicspamx.com\/en\/wp-json\/wp\/v2\/product"}],"about":[{"href":"https:\/\/organicspamx.com\/en\/wp-json\/wp\/v2\/types\/product"}],"replies":[{"embeddable":true,"href":"https:\/\/organicspamx.com\/en\/wp-json\/wp\/v2\/comments?post=422"}],"wp:featuredmedia":[{"embeddable":true,"href":"https:\/\/organicspamx.com\/en\/wp-json\/wp\/v2\/media\/4952"}],"wp:attachment":[{"href":"https:\/\/organicspamx.com\/en\/wp-json\/wp\/v2\/media?parent=422"}],"wp:term":[{"taxonomy":"product_brand","embeddable":true,"href":"https:\/\/organicspamx.com\/en\/wp-json\/wp\/v2\/product_brand?post=422"},{"taxonomy":"product_cat","embeddable":true,"href":"https:\/\/organicspamx.com\/en\/wp-json\/wp\/v2\/product_cat?post=422"},{"taxonomy":"product_tag","embeddable":true,"href":"https:\/\/organicspamx.com\/en\/wp-json\/wp\/v2\/product_tag?post=422"}],"curies":[{"name":"wp","href":"https:\/\/api.w.org\/{rel}","templated":true}]}}