{"id":413,"date":"2024-07-22T21:03:03","date_gmt":"2024-07-22T21:03:03","guid":{"rendered":"https:\/\/organicspamx.com\/?post_type=product&#038;p=413"},"modified":"2026-02-04T22:37:07","modified_gmt":"2026-02-04T22:37:07","slug":"regala-organic-pre-natal-happy-mom-60-min","status":"publish","type":"product","link":"https:\/\/organicspamx.com\/en\/product\/regala-organic-pre-natal-happy-mom-60-min\/","title":{"rendered":"Gift-ORGANIC PRE NATAL HAPPY MOM \/ 60 MIN"},"content":{"rendered":"<p>Obsequie descanso absoluto en esta etapa especial. Este masaje es ideal para embarazadas, ya que ayuda a reducir la tensi\u00f3n asociada al embarazo, relajando los m\u00fasculos y estimulando la circulaci\u00f3n sangu\u00ednea.<\/p>","protected":false},"excerpt":{"rendered":"<p>Obsequie descanso absoluto en esta etapa especial. Este masaje es ideal para embarazadas, ya que ayuda a reducir la tensi\u00f3n asociada al embarazo, relajando los m\u00fasculos y estimulando la circulaci\u00f3n sangu\u00ednea.<\/p>","protected":false},"featured_media":4960,"comment_status":"open","ping_status":"closed","template":"","meta":{"_et_pb_use_builder":"","_et_pb_old_content":"","_et_gb_content_width":"","_coblocks_attr":"","_coblocks_dimensions":"","_coblocks_responsive_height":"","_coblocks_accordion_ie_support":""},"product_brand":[],"product_cat":[17,20],"product_tag":[21],"class_list":{"0":"post-413","1":"product","2":"type-product","3":"status-publish","4":"has-post-thumbnail","6":"product_cat-faciales","7":"product_cat-regala","8":"product_tag-regala","10":"first","11":"instock","12":"shipping-taxable","13":"purchasable","14":"product-type-simple"},"_links":{"self":[{"href":"https:\/\/organicspamx.com\/en\/wp-json\/wp\/v2\/product\/413","targetHints":{"allow":["GET"]}}],"collection":[{"href":"https:\/\/organicspamx.com\/en\/wp-json\/wp\/v2\/product"}],"about":[{"href":"https:\/\/organicspamx.com\/en\/wp-json\/wp\/v2\/types\/product"}],"replies":[{"embeddable":true,"href":"https:\/\/organicspamx.com\/en\/wp-json\/wp\/v2\/comments?post=413"}],"wp:featuredmedia":[{"embeddable":true,"href":"https:\/\/organicspamx.com\/en\/wp-json\/wp\/v2\/media\/4960"}],"wp:attachment":[{"href":"https:\/\/organicspamx.com\/en\/wp-json\/wp\/v2\/media?parent=413"}],"wp:term":[{"taxonomy":"product_brand","embeddable":true,"href":"https:\/\/organicspamx.com\/en\/wp-json\/wp\/v2\/product_brand?post=413"},{"taxonomy":"product_cat","embeddable":true,"href":"https:\/\/organicspamx.com\/en\/wp-json\/wp\/v2\/product_cat?post=413"},{"taxonomy":"product_tag","embeddable":true,"href":"https:\/\/organicspamx.com\/en\/wp-json\/wp\/v2\/product_tag?post=413"}],"curies":[{"name":"wp","href":"https:\/\/api.w.org\/{rel}","templated":true}]}}