{"id":396,"date":"2024-07-22T21:03:01","date_gmt":"2024-07-22T21:03:01","guid":{"rendered":"https:\/\/organicspamx.com\/?post_type=product&#038;p=396"},"modified":"2026-01-22T16:22:08","modified_gmt":"2026-01-22T16:22:08","slug":"organic-descontracting-massage-80-min","status":"publish","type":"product","link":"https:\/\/organicspamx.com\/en\/product\/organic-descontracting-massage-80-min\/","title":{"rendered":"Organic Descontracting Massage \/ 80 MIN"},"content":{"rendered":"<p>El cannabis y el aceite de \u00e1rnica ayudan a aliviar el estr\u00e9s emocional y promueven una sensaci\u00f3n de calma, que puede ser especialmente \u00fatil despu\u00e9s de un duro d\u00eda en el trabajo o o un largo viaje cansado<\/p>","protected":false},"excerpt":{"rendered":"<p>El cannabis y el aceite de \u00e1rnica ayudan a aliviar el estr\u00e9s emocional y promueven una sensaci\u00f3n de calma, que puede ser especialmente \u00fatil despu\u00e9s de un duro d\u00eda en el trabajo o o un largo viaje cansado<\/p>","protected":false},"featured_media":4987,"comment_status":"open","ping_status":"closed","template":"","meta":{"_et_pb_use_builder":"","_et_pb_old_content":"","_et_gb_content_width":"","_coblocks_attr":"","_coblocks_dimensions":"","_coblocks_responsive_height":"","_coblocks_accordion_ie_support":""},"product_brand":[],"product_cat":[18],"product_tag":[],"class_list":{"0":"post-396","1":"product","2":"type-product","3":"status-publish","4":"has-post-thumbnail","6":"product_cat-masajes","8":"first","9":"instock","10":"shipping-taxable","11":"purchasable","12":"product-type-simple"},"_links":{"self":[{"href":"https:\/\/organicspamx.com\/en\/wp-json\/wp\/v2\/product\/396","targetHints":{"allow":["GET"]}}],"collection":[{"href":"https:\/\/organicspamx.com\/en\/wp-json\/wp\/v2\/product"}],"about":[{"href":"https:\/\/organicspamx.com\/en\/wp-json\/wp\/v2\/types\/product"}],"replies":[{"embeddable":true,"href":"https:\/\/organicspamx.com\/en\/wp-json\/wp\/v2\/comments?post=396"}],"wp:featuredmedia":[{"embeddable":true,"href":"https:\/\/organicspamx.com\/en\/wp-json\/wp\/v2\/media\/4987"}],"wp:attachment":[{"href":"https:\/\/organicspamx.com\/en\/wp-json\/wp\/v2\/media?parent=396"}],"wp:term":[{"taxonomy":"product_brand","embeddable":true,"href":"https:\/\/organicspamx.com\/en\/wp-json\/wp\/v2\/product_brand?post=396"},{"taxonomy":"product_cat","embeddable":true,"href":"https:\/\/organicspamx.com\/en\/wp-json\/wp\/v2\/product_cat?post=396"},{"taxonomy":"product_tag","embeddable":true,"href":"https:\/\/organicspamx.com\/en\/wp-json\/wp\/v2\/product_tag?post=396"}],"curies":[{"name":"wp","href":"https:\/\/api.w.org\/{rel}","templated":true}]}}