{"id":388,"date":"2024-07-22T21:03:00","date_gmt":"2024-07-22T21:03:00","guid":{"rendered":"https:\/\/organicspamx.com\/?post_type=product&#038;p=388"},"modified":"2025-06-25T19:22:34","modified_gmt":"2025-06-25T19:22:34","slug":"organic-hydra-green-50-min","status":"publish","type":"product","link":"https:\/\/organicspamx.com\/en\/product\/organic-hydra-green-50-min\/","title":{"rendered":"Luxury Facial Treatment: HYDRA D\u00c9FENSE EXPERIENCE \/ 50 MIN"},"content":{"rendered":"<p data-prosemirror-content-type=\"node\" data-prosemirror-node-name=\"paragraph\" data-prosemirror-node-block=\"true\" data-pm-slice=\"1 1 [&quot;bulletList&quot;,null,&quot;listItem&quot;,null]\">Sum\u00e9rgete en este exclusivo ritual facial dise\u00f1ado para nutrir, proteger y revitalizar tu piel con una experiencia sensorial \u00fanica. Inspirado en las excepcionales propiedades del \u00e1cido hialur\u00f3nico, la trehalosa natural, el escualeno vegetal y el aloe vera org\u00e1nico, este tratamiento combina lo mejor de la ciencia cosm\u00e9tica con la pureza de los ingredientes org\u00e1nicos para ofrecer un cuidado intensivo que realza la belleza natural de tu piel.<\/p>\n<p data-prosemirror-content-type=\"node\" data-prosemirror-node-name=\"paragraph\" data-prosemirror-node-block=\"true\" data-pm-slice=\"1 1 [&quot;bulletList&quot;,null,&quot;listItem&quot;,null]\"><br data-prosemirror-content-type=\"node\" data-prosemirror-node-name=\"hardBreak\" data-prosemirror-node-inline=\"true\" \/>Cada etapa de este tratamiento utiliza productos 100 % org\u00e1nicos y veganos, cuidadosamente seleccionados para ofrecer resultados visibles sin comprometer la salud de tu piel ni el medio ambiente. Ideal para quienes buscan un lujo consciente y sostenible, ideal para quienes llegan despu\u00e9s de un largo viaje.<\/p>\n","protected":false},"excerpt":{"rendered":"<p data-prosemirror-content-type=\"node\" data-prosemirror-node-name=\"paragraph\" data-prosemirror-node-block=\"true\" data-pm-slice=\"1 1 [&quot;bulletList&quot;,null,&quot;listItem&quot;,null]\">Sum\u00e9rgete en este exclusivo ritual facial dise\u00f1ado para nutrir, proteger y revitalizar tu piel con una experiencia sensorial \u00fanica. Inspirado en las excepcionales propiedades del \u00e1cido hialur\u00f3nico, la trehalosa natural, el escualeno vegetal y el aloe vera org\u00e1nico, este tratamiento combina lo mejor de la ciencia cosm\u00e9tica con la pureza de los ingredientes org\u00e1nicos para ofrecer un cuidado intensivo que realza la belleza natural de tu piel.<br data-prosemirror-content-type=\"node\" data-prosemirror-node-name=\"hardBreak\" data-prosemirror-node-inline=\"true\" \/>Cada etapa de este tratamiento utiliza productos 100 % org\u00e1nicos y veganos, cuidadosamente seleccionados para ofrecer resultados visibles sin comprometer la salud de tu piel ni el medio ambiente. Ideal para quienes buscan un lujo consciente y sostenible, ideal para quienes llegan despu\u00e9s de un largo viaje.<\/p>\n","protected":false},"featured_media":417,"comment_status":"open","ping_status":"closed","template":"","meta":{"_et_pb_use_builder":"","_et_pb_old_content":"","_et_gb_content_width":"","_coblocks_attr":"","_coblocks_dimensions":"","_coblocks_responsive_height":"","_coblocks_accordion_ie_support":""},"product_brand":[],"product_cat":[17],"product_tag":[],"class_list":{"0":"post-388","1":"product","2":"type-product","3":"status-publish","4":"has-post-thumbnail","6":"product_cat-faciales","8":"first","9":"instock","10":"shipping-taxable","11":"purchasable","12":"product-type-simple"},"_links":{"self":[{"href":"https:\/\/organicspamx.com\/en\/wp-json\/wp\/v2\/product\/388","targetHints":{"allow":["GET"]}}],"collection":[{"href":"https:\/\/organicspamx.com\/en\/wp-json\/wp\/v2\/product"}],"about":[{"href":"https:\/\/organicspamx.com\/en\/wp-json\/wp\/v2\/types\/product"}],"replies":[{"embeddable":true,"href":"https:\/\/organicspamx.com\/en\/wp-json\/wp\/v2\/comments?post=388"}],"wp:featuredmedia":[{"embeddable":true,"href":"https:\/\/organicspamx.com\/en\/wp-json\/wp\/v2\/media\/417"}],"wp:attachment":[{"href":"https:\/\/organicspamx.com\/en\/wp-json\/wp\/v2\/media?parent=388"}],"wp:term":[{"taxonomy":"product_brand","embeddable":true,"href":"https:\/\/organicspamx.com\/en\/wp-json\/wp\/v2\/product_brand?post=388"},{"taxonomy":"product_cat","embeddable":true,"href":"https:\/\/organicspamx.com\/en\/wp-json\/wp\/v2\/product_cat?post=388"},{"taxonomy":"product_tag","embeddable":true,"href":"https:\/\/organicspamx.com\/en\/wp-json\/wp\/v2\/product_tag?post=388"}],"curies":[{"name":"wp","href":"https:\/\/api.w.org\/{rel}","templated":true}]}}