{"id":454,"date":"2024-07-23T15:21:34","date_gmt":"2024-07-23T15:21:34","guid":{"rendered":"https:\/\/organicspamx.com\/?page_id=454"},"modified":"2024-12-02T15:06:58","modified_gmt":"2024-12-02T15:06:58","slug":"regala","status":"publish","type":"page","link":"https:\/\/organicspamx.com\/en\/regala\/","title":{"rendered":"Give Away"},"content":{"rendered":"<p>[et_pb_section fb_built=\u00bb1&#8243; _builder_version=\u00bb4.27.0&#8243; _module_preset=\u00bbdefault\u00bb global_colors_info=\u00bb{}\u00bb][et_pb_row _builder_version=\u00bb4.27.0&#8243; _module_preset=\u00bbdefault\u00bb global_colors_info=\u00bb{}\u00bb][et_pb_column type=\u00bb4_4&#8243; _builder_version=\u00bb4.27.0&#8243; _module_preset=\u00bbdefault\u00bb global_colors_info=\u00bb{}\u00bb][et_pb_heading title=\u00bbDescubre un M\u00e1gico Regalo para esa persona especial, una experiencia de lujo y Bienestar.\u00bb _builder_version=\u00bb4.27.0&#8243; _module_preset=\u00bbdefault\u00bb title_font=\u00bbPlayfair Display||||||||\u00bb title_text_color=\u00bbgcid-cb094aee-6efd-41ad-912b-0e8029d48e09&#8243; title_font_size=\u00bb40px\u00bb global_colors_info=\u00bb{%22gcid-cb094aee-6efd-41ad-912b-0e8029d48e09%22:%91%22title_text_color%22%93}\u00bb][\/et_pb_heading][\/et_pb_column][\/et_pb_row][\/et_pb_section][et_pb_section fb_built=\u00bb1&#8243; _builder_version=\u00bb4.27.0&#8243; _module_preset=\u00bbdefault\u00bb global_colors_info=\u00bb{}\u00bb][et_pb_row _builder_version=\u00bb4.27.0&#8243; _module_preset=\u00bbdefault\u00bb global_colors_info=\u00bb{}\u00bb][et_pb_column type=\u00bb4_4&#8243; _builder_version=\u00bb4.27.0&#8243; _module_preset=\u00bbdefault\u00bb global_colors_info=\u00bb{}\u00bb][et_pb_shop type=\u00bbproduct_category\u00bb include_categories=\u00bb20&#8243; _builder_version=\u00bb4.27.0&#8243; _module_preset=\u00bbdefault\u00bb title_font=\u00bbPlayfair Display||||||||\u00bb title_text_align=\u00bbcenter\u00bb title_text_color=\u00bbgcid-33ba488a-a977-4fcb-9562-ca062f22498f\u00bb title_font_size=\u00bb19px\u00bb title_line_height=\u00bb1.2em\u00bb price_font=\u00bbRubik||||||||\u00bb price_text_align=\u00bbcenter\u00bb price_text_color=\u00bbgcid-cb094aee-6efd-41ad-912b-0e8029d48e09&#8243; price_font_size=\u00bb19px\u00bb border_radii_image=\u00bbon|6px|6px|6px|6px\u00bb global_colors_info=\u00bb{%22gcid-33ba488a-a977-4fcb-9562-ca062f22498f%22:%91%22title_text_color%22%93,%22gcid-cb094aee-6efd-41ad-912b-0e8029d48e09%22:%91%22price_text_color%22%93}\u00bb posts_number=\u00bb100&#8243;][\/et_pb_shop][\/et_pb_column][\/et_pb_row][\/et_pb_section][et_pb_section fb_built=\u00bb1&#8243; _builder_version=\u00bb4.27.0&#8243; _module_preset=\u00bbdefault\u00bb global_colors_info=\u00bb{}\u00bb][et_pb_row _builder_version=\u00bb4.27.0&#8243; _module_preset=\u00bbdefault\u00bb global_colors_info=\u00bb{}\u00bb][et_pb_column type=\u00bb4_4&#8243; _builder_version=\u00bb4.27.0&#8243; _module_preset=\u00bbdefault\u00bb global_colors_info=\u00bb{}\u00bb][et_pb_heading title=\u00bbT\u00e9rminos y condiciones para Regala\u00bb _builder_version=\u00bb4.27.0&#8243; _module_preset=\u00bbdefault\u00bb title_level=\u00bbh2&#8243; title_font=\u00bbPlayfair Display||||||||\u00bb title_text_align=\u00bbcenter\u00bb title_text_color=\u00bbgcid-75f8feef-8e89-48de-a593-3e169dc48f01&#8243; global_colors_info=\u00bb{%22gcid-75f8feef-8e89-48de-a593-3e169dc48f01%22:%91%22title_text_color%22%93}\u00bb][\/et_pb_heading][\/et_pb_column][\/et_pb_row][et_pb_row column_structure=\u00bb1_2,1_2&#8243; _builder_version=\u00bb4.27.0&#8243; _module_preset=\u00bbdefault\u00bb custom_padding=\u00bb0px|||||\u00bb global_colors_info=\u00bb{}\u00bb][et_pb_column type=\u00bb1_2&#8243; _builder_version=\u00bb4.27.0&#8243; _module_preset=\u00bbdefault\u00bb global_colors_info=\u00bb{}\u00bb][et_pb_text _builder_version=\u00bb4.27.0&#8243; _module_preset=\u00bbdefault\u00bb global_colors_info=\u00bb{}\u00bb]<\/p>\n<p><strong>C\u00d3MO FUNCIONA<\/strong><\/p>\n<p>Para hacer uso del Certificado de Regalo, el destinatario simplemente deber\u00e1 concertar una cita para el tratamiento en nuestro Spa y portar la tarjeta recibida.<br \/>Validez: El Certificado de Regalo tiene una validez de 6 meses desde la fecha de su compra.<\/p>\n<p><strong>RESERVA ANTICIPADA<\/strong><br \/>Recomendamos que reserves tu tratamiento con anticipaci\u00f3n para asegurar la hora y el servicio preferido.<\/p>\n<p><strong>POL\u00cdTICA DE CANCELACI\u00d3N<\/strong><\/p>\n<p>Para evitar un cargo del 50% del servicio rogamos realizar la cancelaci\u00f3n 24 horas antes de la cita programada. Cancelaciones o faltas de asistencia a menos de 12 horas de la cita programada supondr\u00e1n el 100% del cargo.<br \/>Se requerir\u00e1 una tarjeta de cr\u00e9dito en el momento de la reserva.<\/p>\n<p><strong>LLEGADA SPA<\/strong><br \/>Recomendamos llegar 30 minutos antes de la cita para contar con tiempo suficiente para el relax y disfrutar de las \u00e1reas h\u00famedas del hotel antes del tratamiento.<br \/>Si prefieres una escapada r\u00e1pida sugerimos LLEGAR 15 minutos antes de la cita, lo que te dar\u00e1 tiempo para una ducha y un cambio de vestuario de ba\u00f1o.\u00a0<strong>Los retrasos no supondr\u00e1n una extensi\u00f3n de los tratamientos agendados.<\/strong><\/p>\n<p>[\/et_pb_text][\/et_pb_column][et_pb_column type=\u00bb1_2&#8243; _builder_version=\u00bb4.27.0&#8243; _module_preset=\u00bbdefault\u00bb global_colors_info=\u00bb{}\u00bb][et_pb_text _builder_version=\u00bb4.27.0&#8243; _module_preset=\u00bbdefault\u00bb global_colors_info=\u00bb{}\u00bb]<\/p>\n<p><strong>EDAD REQUERIDA<\/strong><br \/>La edad m\u00ednima requerida para acceso al spa es de 16 a\u00f1os.<\/p>\n<p><strong>CONDICIONES DE SALUD<\/strong><br \/>Informa al equipo de posibles condiciones de salud, alergias o lesiones que pudiesen afectar el servicio cuando realices tu reserva de spa.<\/p>\n<p><strong>P\u00c9RDIDAS O DA\u00d1OS<\/strong><br \/>El Spa no se har\u00e1 responsable de posibles p\u00e9rdidas o da\u00f1os de objetos personales. Recomendamos que guardes tus objetos valiosos en el locker asignado o en la caja fuerte de la habitaci\u00f3n durante tu visita. Para proteger tus prendas recomendamos tambi\u00e9n el uso del albornoz suministrado.<\/p>\n<p><strong>ACCIDENTES O DA\u00d1OS<\/strong><br \/>El spa no se hace responsable de posibles accidentes o da\u00f1os que pueda sufrir un cliente o hu\u00e9sped durante el uso de las instalaciones.<\/p>\n<p><strong>TIENDA SPA<\/strong><br \/>Para continuar su experiencia spa en casa, visita nuestra tienda del spa donde encontrar\u00e1s todos nuestros best sellers.<\/p>\n<p><strong>DEVOLUCIONES Y CAMBIOS<\/strong><br \/>No se realizar\u00e1n devoluciones de efectivo o tarjeta de cr\u00e9dito.<\/p>\n<p>[\/et_pb_text][\/et_pb_column][\/et_pb_row][\/et_pb_section]<\/p>\n","protected":false},"excerpt":{"rendered":"<p>C\u00d3MO FUNCIONA Para hacer uso del Certificado de Regalo, el destinatario simplemente deber\u00e1 concertar una cita para el tratamiento en nuestro Spa y portar la tarjeta recibida.Validez: El Certificado de Regalo tiene una validez de 6 meses desde la fecha de su compra. RESERVA ANTICIPADARecomendamos que reserves tu tratamiento con anticipaci\u00f3n para asegurar la hora [&hellip;]<\/p>\n","protected":false},"author":2,"featured_media":0,"parent":0,"menu_order":0,"comment_status":"closed","ping_status":"closed","template":"","meta":{"_et_pb_use_builder":"on","_et_pb_old_content":"","_et_gb_content_width":"","_coblocks_attr":"","_coblocks_dimensions":"","_coblocks_responsive_height":"","_coblocks_accordion_ie_support":"","footnotes":""},"class_list":["post-454","page","type-page","status-publish","hentry"],"_links":{"self":[{"href":"https:\/\/organicspamx.com\/en\/wp-json\/wp\/v2\/pages\/454","targetHints":{"allow":["GET"]}}],"collection":[{"href":"https:\/\/organicspamx.com\/en\/wp-json\/wp\/v2\/pages"}],"about":[{"href":"https:\/\/organicspamx.com\/en\/wp-json\/wp\/v2\/types\/page"}],"author":[{"embeddable":true,"href":"https:\/\/organicspamx.com\/en\/wp-json\/wp\/v2\/users\/2"}],"replies":[{"embeddable":true,"href":"https:\/\/organicspamx.com\/en\/wp-json\/wp\/v2\/comments?post=454"}],"version-history":[{"count":6,"href":"https:\/\/organicspamx.com\/en\/wp-json\/wp\/v2\/pages\/454\/revisions"}],"predecessor-version":[{"id":4752,"href":"https:\/\/organicspamx.com\/en\/wp-json\/wp\/v2\/pages\/454\/revisions\/4752"}],"wp:attachment":[{"href":"https:\/\/organicspamx.com\/en\/wp-json\/wp\/v2\/media?parent=454"}],"curies":[{"name":"wp","href":"https:\/\/api.w.org\/{rel}","templated":true}]}}