{"id":4,"date":"2024-06-29T15:01:09","date_gmt":"2024-06-29T15:01:09","guid":{"rendered":"https:\/\/organicspamx.com\/inicio\/"},"modified":"2025-09-24T18:34:31","modified_gmt":"2025-09-24T18:34:31","slug":"inicio","status":"publish","type":"page","link":"https:\/\/organicspamx.com\/en\/inicio\/","title":{"rendered":"Inicio"},"content":{"rendered":"<p>[et_pb_section fb_built=\u00bb1&#8243; theme_builder_area=\u00bbpost_content\u00bb _builder_version=\u00bb4.27.4&#8243; _module_preset=\u00bbdefault\u00bb title_text=\u00bbIM9&#8243; background_image=\u00bbhttps:\/\/organicspamx.com\/wp-content\/uploads\/2025\/09\/IM9-scaled.jpg\u00bb hover_enabled=\u00bb0&#8243; sticky_enabled=\u00bb0&#8243; custom_padding=\u00bb362px||362px||true|\u00bb][et_pb_row _builder_version=\u00bb4.27.4&#8243; _module_preset=\u00bbdefault\u00bb theme_builder_area=\u00bbpost_content\u00bb custom_margin=\u00bb||||false|true\u00bb custom_padding=\u00bb|200px||200px|false|true\u00bb hover_enabled=\u00bb0&#8243; sticky_enabled=\u00bb0&#8243;][et_pb_column _builder_version=\u00bb4.27.4&#8243; _module_preset=\u00bbdefault\u00bb type=\u00bb4_4&#8243; theme_builder_area=\u00bbpost_content\u00bb][et_pb_text _builder_version=\u00bb4.27.4&#8243; _module_preset=\u00bbdefault\u00bb theme_builder_area=\u00bbpost_content\u00bb header_font=\u00bbPlayfair Display||||||||\u00bb hover_enabled=\u00bb0&#8243; sticky_enabled=\u00bb0&#8243; header_text_color=\u00bb#FFFFFF\u00bb header_font_size=\u00bb55px\u00bb header_text_align=\u00bbcenter\u00bb]<\/p>\n<h1>Tu refugio urbano de bienestar en Polanco<\/h1>\n<p>[\/et_pb_text][et_pb_text _builder_version=\u00bb4.27.4&#8243; _module_preset=\u00bbdefault\u00bb theme_builder_area=\u00bbpost_content\u00bb hover_enabled=\u00bb0&#8243; sticky_enabled=\u00bb0&#8243; header_2_font=\u00bbRubik||||||||\u00bb header_2_text_color=\u00bb#FFFFFF\u00bb header_2_text_align=\u00bbcenter\u00bb]<\/p>\n<h2>Un espacio org\u00e1nico, sanador y sensorial para reconectar contigo mismo.<\/h2>\n<p>[\/et_pb_text][et_pb_button button_text=\u00bbReserva tu ritual\u00bb _builder_version=\u00bb4.27.4&#8243; _module_preset=\u00bbdefault\u00bb theme_builder_area=\u00bbpost_content\u00bb button_url=\u00bbhttps:\/\/api.whatsapp.com\/send\/?phone=5562336919&#038;text&#038;type=phone_number&#038;app_absent=0&#8243; url_new_window=\u00bbon\u00bb hover_enabled=\u00bb0&#8243; sticky_enabled=\u00bb0&#8243; button_alignment=\u00bbcenter\u00bb custom_button=\u00bbon\u00bb button_font=\u00bbPlayfair Display||||||||\u00bb button_border_color=\u00bbRGBA(255,255,255,0)\u00bb button_bg_color=\u00bb#FFFFFF\u00bb button_bg_enable_color=\u00bbon\u00bb global_colors_info=\u00bb{%22gcid-cb094aee-6efd-41ad-912b-0e8029d48e09%22:%91%22button_text_color%22%93}\u00bb button_text_color=\u00bbgcid-cb094aee-6efd-41ad-912b-0e8029d48e09&#8243;][\/et_pb_button][\/et_pb_column][\/et_pb_row][\/et_pb_section][et_pb_section fb_built=\u00bb1&#8243; _builder_version=\u00bb4.25.2&#8243; _module_preset=\u00bbdefault\u00bb custom_padding=\u00bb0px|||||\u00bb global_colors_info=\u00bb{}\u00bb][et_pb_row _builder_version=\u00bb4.25.2&#8243; _module_preset=\u00bbdefault\u00bb global_colors_info=\u00bb{}\u00bb][et_pb_column type=\u00bb4_4&#8243; _builder_version=\u00bb4.25.2&#8243; _module_preset=\u00bbdefault\u00bb global_colors_info=\u00bb{}\u00bb][et_pb_image src=\u00bbhttps:\/\/organicspamx.com\/wp-content\/uploads\/2024\/07\/ORGANIC-SPA-MX-LOGO-586c77-1-300&#215;200-1.png\u00bb title_text=\u00bbORGANIC-SPA-MX-LOGO-586c77-1-300&#215;200&#8243; align=\u00bbcenter\u00bb _builder_version=\u00bb4.25.2&#8243; _module_preset=\u00bbdefault\u00bb global_colors_info=\u00bb{}\u00bb][\/et_pb_image][et_pb_text _builder_version=\u00bb4.25.2&#8243; _module_preset=\u00bbdefault\u00bb text_font=\u00bbRubik||||||||\u00bb text_text_color=\u00bbgcid-cb094aee-6efd-41ad-912b-0e8029d48e09&#8243; text_font_size=\u00bb15px\u00bb custom_padding=\u00bb|233px||233px|false|true\u00bb hover_enabled=\u00bb0&#8243; global_colors_info=\u00bb{%22gcid-cb094aee-6efd-41ad-912b-0e8029d48e09%22:%91%22text_text_color%22%93}\u00bb sticky_enabled=\u00bb0&#8243;]Ayudamos a nuestros clientes a sentirse mejor f\u00edsica y mentalmente, en un espacio tranquilo y exclusivo, gracias a nuestros tratamientos creados con productos org\u00e1nicos y veganos.[\/et_pb_text][\/et_pb_column][\/et_pb_row][et_pb_row column_structure=\u00bb1_4,1_4,1_4,1_4&#8243; _builder_version=\u00bb4.25.2&#8243; _module_preset=\u00bbdefault\u00bb global_colors_info=\u00bb{}\u00bb][et_pb_column type=\u00bb1_4&#8243; _builder_version=\u00bb4.25.2&#8243; _module_preset=\u00bbdefault\u00bb global_colors_info=\u00bb{}\u00bb][et_pb_blurb title=\u00bbL&#8217;HYGIENE\u00bb image=\u00bbhttps:\/\/organicspamx.com\/wp-content\/uploads\/2024\/07\/Organic_SPA_1-e1681447986898.jpg\u00bb _builder_version=\u00bb4.25.2&#8243; _module_preset=\u00bbdefault\u00bb header_font=\u00bbPlayfair Display||||||||\u00bb header_text_color=\u00bbgcid-cb094aee-6efd-41ad-912b-0e8029d48e09&#8243; header_font_size=\u00bb25px\u00bb body_font=\u00bbRubik||||||||\u00bb body_text_color=\u00bbgcid-190b496b-4f22-4f56-b1ee-99429a86bc55&#8243; body_font_size=\u00bb12px\u00bb body_line_height=\u00bb1.4em\u00bb global_colors_info=\u00bb{%22gcid-cb094aee-6efd-41ad-912b-0e8029d48e09%22:%91%22header_text_color%22%93,%22gcid-190b496b-4f22-4f56-b1ee-99429a86bc55%22:%91%22body_text_color%22%93}\u00bb]<\/p>\n<p>Ayuda a tu piel a deshacerse de las impurezas, borrar los da\u00f1os causados por la contaminaci\u00f3n y recuperar un aspecto radiante y luminoso.<\/p>\n<p>[\/et_pb_blurb][\/et_pb_column][et_pb_column type=\u00bb1_4&#8243; _builder_version=\u00bb4.25.2&#8243; _module_preset=\u00bbdefault\u00bb global_colors_info=\u00bb{}\u00bb][et_pb_blurb title=\u00bbORGANIC HYDRA GREEN\u00bb image=\u00bbhttps:\/\/organicspamx.com\/wp-content\/uploads\/2024\/07\/31-1-scaled-1.jpg\u00bb _builder_version=\u00bb4.25.2&#8243; _module_preset=\u00bbdefault\u00bb header_font=\u00bbPlayfair Display||||||||\u00bb header_text_color=\u00bbgcid-cb094aee-6efd-41ad-912b-0e8029d48e09&#8243; header_font_size=\u00bb25px\u00bb body_font=\u00bbRubik||||||||\u00bb body_text_color=\u00bbgcid-190b496b-4f22-4f56-b1ee-99429a86bc55&#8243; body_font_size=\u00bb12px\u00bb body_line_height=\u00bb1.4em\u00bb hover_enabled=\u00bb0&#8243; global_colors_info=\u00bb{%22gcid-cb094aee-6efd-41ad-912b-0e8029d48e09%22:%91%22header_text_color%22%93,%22gcid-190b496b-4f22-4f56-b1ee-99429a86bc55%22:%91%22body_text_color%22%93}\u00bb sticky_enabled=\u00bb0&#8243;]Tratamiento facial ultrahidratante que proporciona a la piel una sensaci\u00f3n inmediata de confort y bienestar.[\/et_pb_blurb][\/et_pb_column][et_pb_column type=\u00bb1_4&#8243; _builder_version=\u00bb4.25.2&#8243; _module_preset=\u00bbdefault\u00bb global_colors_info=\u00bb{}\u00bb][et_pb_blurb title=\u00bb  FACIAL LIFTING INTENSE KOBIDO\u00bb image=\u00bbhttps:\/\/organicspamx.com\/wp-content\/uploads\/2024\/07\/Organic_SPA-39-min-1-scaled-1500&#215;2250-1.jpg\u00bb _builder_version=\u00bb4.25.2&#8243; _module_preset=\u00bbdefault\u00bb header_font=\u00bbPlayfair Display||||||||\u00bb header_text_color=\u00bbgcid-cb094aee-6efd-41ad-912b-0e8029d48e09&#8243; header_font_size=\u00bb25px\u00bb body_font=\u00bbRubik||||||||\u00bb body_text_color=\u00bbgcid-190b496b-4f22-4f56-b1ee-99429a86bc55&#8243; body_font_size=\u00bb12px\u00bb body_line_height=\u00bb1.4em\u00bb global_colors_info=\u00bb{%22gcid-cb094aee-6efd-41ad-912b-0e8029d48e09%22:%91%22header_text_color%22%93,%22gcid-190b496b-4f22-4f56-b1ee-99429a86bc55%22:%91%22body_text_color%22%93}\u00bb]<\/p>\n<p>El tratamiento facial lifting es una forma fabulosa de rejuvenecer, reafirmar tu piel y restaurar su elasticidad.<\/p>\n<p>[\/et_pb_blurb][\/et_pb_column][et_pb_column type=\u00bb1_4&#8243; _builder_version=\u00bb4.25.2&#8243; _module_preset=\u00bbdefault\u00bb global_colors_info=\u00bb{}\u00bb][et_pb_blurb title=\u00bbBIO DETOX MASSAGE\u00bb image=\u00bbhttps:\/\/organicspamx.com\/wp-content\/uploads\/2024\/07\/spa3-1500&#215;2250-1.jpg\u00bb image_icon_width=\u00bb260px\u00bb content_max_width=\u00bb1100px\u00bb _builder_version=\u00bb4.25.2&#8243; _module_preset=\u00bbdefault\u00bb header_font=\u00bbPlayfair Display||||||||\u00bb header_text_color=\u00bbgcid-cb094aee-6efd-41ad-912b-0e8029d48e09&#8243; header_font_size=\u00bb25px\u00bb body_font=\u00bbRubik||||||||\u00bb body_text_color=\u00bbgcid-190b496b-4f22-4f56-b1ee-99429a86bc55&#8243; body_font_size=\u00bb12px\u00bb body_line_height=\u00bb1.4em\u00bb global_colors_info=\u00bb{%22gcid-cb094aee-6efd-41ad-912b-0e8029d48e09%22:%91%22header_text_color%22%93,%22gcid-190b496b-4f22-4f56-b1ee-99429a86bc55%22:%91%22body_text_color%22%93}\u00bb]<\/p>\n<p>El Masaje Bio Detox, que utiliza aceites especiales y t\u00e9cnicas de masaje para ayudarle a eliminar las toxinas de su cuerpo.<\/p>\n<p>[\/et_pb_blurb][\/et_pb_column][\/et_pb_row][\/et_pb_section]<\/p>\n","protected":false},"excerpt":{"rendered":"<p>Tu refugio urbano de bienestar en PolancoUn espacio org\u00e1nico, sanador y sensorial para reconectar contigo mismo.Ayudamos a nuestros clientes a sentirse mejor f\u00edsica y mentalmente, en un espacio tranquilo y exclusivo, gracias a nuestros tratamientos creados con productos org\u00e1nicos y veganos.Ayuda a tu piel a deshacerse de las impurezas, borrar los da\u00f1os causados por la [&hellip;]<\/p>\n","protected":false},"author":0,"featured_media":0,"parent":0,"menu_order":0,"comment_status":"closed","ping_status":"closed","template":"","meta":{"_et_pb_use_builder":"on","_et_pb_old_content":"","_et_gb_content_width":"","_coblocks_attr":"","_coblocks_dimensions":"","_coblocks_responsive_height":"","_coblocks_accordion_ie_support":"","footnotes":""},"class_list":["post-4","page","type-page","status-publish","hentry"],"_links":{"self":[{"href":"https:\/\/organicspamx.com\/en\/wp-json\/wp\/v2\/pages\/4","targetHints":{"allow":["GET"]}}],"collection":[{"href":"https:\/\/organicspamx.com\/en\/wp-json\/wp\/v2\/pages"}],"about":[{"href":"https:\/\/organicspamx.com\/en\/wp-json\/wp\/v2\/types\/page"}],"replies":[{"embeddable":true,"href":"https:\/\/organicspamx.com\/en\/wp-json\/wp\/v2\/comments?post=4"}],"version-history":[{"count":17,"href":"https:\/\/organicspamx.com\/en\/wp-json\/wp\/v2\/pages\/4\/revisions"}],"predecessor-version":[{"id":4871,"href":"https:\/\/organicspamx.com\/en\/wp-json\/wp\/v2\/pages\/4\/revisions\/4871"}],"wp:attachment":[{"href":"https:\/\/organicspamx.com\/en\/wp-json\/wp\/v2\/media?parent=4"}],"curies":[{"name":"wp","href":"https:\/\/api.w.org\/{rel}","templated":true}]}}